{"id":8847,"date":"2025-02-02T16:15:28","date_gmt":"2025-02-02T16:15:28","guid":{"rendered":"https:\/\/www.hotelvillasirena.it\/blog\/"},"modified":"2025-04-26T08:28:50","modified_gmt":"2025-04-26T08:28:50","slug":"ile-d-ischia","status":"publish","type":"page","link":"https:\/\/www.hotelvillasirena.it\/fr\/ile-d-ischia\/","title":{"rendered":"Blog"},"content":{"rendered":"\t\t<div data-elementor-type=\"wp-page\" data-elementor-id=\"8847\" class=\"elementor elementor-8847 elementor-4337\" data-elementor-post-type=\"page\">\n\t\t\t\t\t\t<section class=\"elementor-section elementor-top-section elementor-element elementor-element-391197d elementor-section-height-min-height elementor-section-stretched elementor-section-boxed elementor-section-height-default elementor-section-items-middle\" data-id=\"391197d\" data-element_type=\"section\" data-e-type=\"section\" data-settings=\"{&quot;background_background&quot;:&quot;classic&quot;,&quot;stretch_section&quot;:&quot;section-stretched&quot;,&quot;hoteller_ext_is_background_parallax&quot;:&quot;false&quot;,&quot;hoteller_ext_is_background_backdrop&quot;:&quot;false&quot;,&quot;hoteller_ext_is_background_on_scroll&quot;:&quot;false&quot;}\">\n\t\t\t\t\t\t\t<div class=\"elementor-background-overlay\"><\/div>\n\t\t\t\t\t\t\t<div class=\"elementor-container elementor-column-gap-default\">\n\t\t\t\t\t<div class=\"elementor-column elementor-col-100 elementor-top-column elementor-element elementor-element-f2c3728\" data-id=\"f2c3728\" data-element_type=\"column\" data-e-type=\"column\" data-settings=\"{&quot;hoteller_ext_link_sidemenu&quot;:&quot;false&quot;,&quot;hoteller_ext_link_fullmenu&quot;:&quot;false&quot;,&quot;hoteller_ext_link_closed_fullmenu&quot;:&quot;false&quot;,&quot;hoteller_ext_is_scrollme&quot;:&quot;false&quot;,&quot;hoteller_ext_is_smoove&quot;:&quot;false&quot;,&quot;hoteller_ext_is_parallax_mouse&quot;:&quot;false&quot;,&quot;hoteller_ext_is_infinite&quot;:&quot;false&quot;,&quot;hoteller_ext_is_fadeout_animation&quot;:&quot;false&quot;,&quot;hoteller_ext_mobile_static&quot;:&quot;false&quot;}\">\n\t\t\t<div class=\"elementor-widget-wrap elementor-element-populated\">\n\t\t\t\t\t\t<div class=\"elementor-element elementor-element-faf8426 elementor-widget elementor-widget-hoteller-animated-text\" data-id=\"faf8426\" data-element_type=\"widget\" data-e-type=\"widget\" data-settings=\"{&quot;hoteller_ext_is_fadeout_animation&quot;:&quot;true&quot;,&quot;hoteller_ext_link_sidemenu&quot;:&quot;false&quot;,&quot;hoteller_ext_link_fullmenu&quot;:&quot;false&quot;,&quot;hoteller_ext_link_closed_fullmenu&quot;:&quot;false&quot;,&quot;hoteller_ext_is_scrollme&quot;:&quot;false&quot;,&quot;hoteller_ext_is_smoove&quot;:&quot;false&quot;,&quot;hoteller_ext_is_parallax_mouse&quot;:&quot;false&quot;,&quot;hoteller_ext_is_infinite&quot;:&quot;false&quot;,&quot;hoteller_ext_is_fadeout_animation_velocity&quot;:{&quot;unit&quot;:&quot;px&quot;,&quot;size&quot;:0.7,&quot;sizes&quot;:[]},&quot;hoteller_ext_is_fadeout_animation_direction&quot;:&quot;up&quot;,&quot;hoteller_ext_mobile_static&quot;:&quot;false&quot;}\" data-widget_type=\"hoteller-animated-text.default\">\n\t\t\t\t<div class=\"elementor-widget-container\">\n\t\t\t\t\t<div class=\"themegoods-animated-text text-alignment-center transition-bottom overflow-hidden\" data-delimiter=\"sentence\" data-transition=\"100\" data-transition-delay=\"0\" data-transition-duration=\"800\">\n\t\t<h2>\n\t\tle journal de viila siren\t<\/h2>\n\t<\/div>\t\t\t\t<\/div>\n\t\t\t\t<\/div>\n\t\t\t\t<div class=\"elementor-element elementor-element-ae0b414 elementor-widget elementor-widget-hoteller-animated-text\" data-id=\"ae0b414\" data-element_type=\"widget\" data-e-type=\"widget\" data-settings=\"{&quot;hoteller_ext_is_fadeout_animation&quot;:&quot;true&quot;,&quot;hoteller_ext_is_fadeout_animation_velocity&quot;:{&quot;unit&quot;:&quot;px&quot;,&quot;size&quot;:0.6,&quot;sizes&quot;:[]},&quot;hoteller_ext_link_sidemenu&quot;:&quot;false&quot;,&quot;hoteller_ext_link_fullmenu&quot;:&quot;false&quot;,&quot;hoteller_ext_link_closed_fullmenu&quot;:&quot;false&quot;,&quot;hoteller_ext_is_scrollme&quot;:&quot;false&quot;,&quot;hoteller_ext_is_smoove&quot;:&quot;false&quot;,&quot;hoteller_ext_is_parallax_mouse&quot;:&quot;false&quot;,&quot;hoteller_ext_is_infinite&quot;:&quot;false&quot;,&quot;hoteller_ext_is_fadeout_animation_direction&quot;:&quot;up&quot;,&quot;hoteller_ext_mobile_static&quot;:&quot;false&quot;}\" data-widget_type=\"hoteller-animated-text.default\">\n\t\t\t\t<div class=\"elementor-widget-container\">\n\t\t\t\t\t<div class=\"themegoods-animated-text text-alignment-center transition-bottom overflow-hidden\" data-delimiter=\"sentence\" data-transition=\"100\" data-transition-delay=\"100\" data-transition-duration=\"800\">\n\t\t<h1>\n\t\tD\u00e9couvrez Ischia\t<\/h1>\n\t<\/div>\t\t\t\t<\/div>\n\t\t\t\t<\/div>\n\t\t\t\t\t<\/div>\n\t\t<\/div>\n\t\t\t\t\t<\/div>\n\t\t<\/section>\n\t\t\t\t<section class=\"elementor-section elementor-top-section elementor-element elementor-element-e1aff63 elementor-section-boxed elementor-section-height-default elementor-section-height-default\" data-id=\"e1aff63\" data-element_type=\"section\" data-e-type=\"section\" data-settings=\"{&quot;hoteller_ext_is_background_parallax&quot;:&quot;false&quot;,&quot;hoteller_ext_is_background_backdrop&quot;:&quot;false&quot;,&quot;hoteller_ext_is_background_on_scroll&quot;:&quot;false&quot;}\">\n\t\t\t\t\t\t<div class=\"elementor-container elementor-column-gap-default\">\n\t\t\t\t\t<div class=\"elementor-column elementor-col-100 elementor-top-column elementor-element elementor-element-2993238\" data-id=\"2993238\" data-element_type=\"column\" data-e-type=\"column\" data-settings=\"{&quot;hoteller_ext_link_sidemenu&quot;:&quot;false&quot;,&quot;hoteller_ext_link_fullmenu&quot;:&quot;false&quot;,&quot;hoteller_ext_link_closed_fullmenu&quot;:&quot;false&quot;,&quot;hoteller_ext_is_scrollme&quot;:&quot;false&quot;,&quot;hoteller_ext_is_smoove&quot;:&quot;false&quot;,&quot;hoteller_ext_is_parallax_mouse&quot;:&quot;false&quot;,&quot;hoteller_ext_is_infinite&quot;:&quot;false&quot;,&quot;hoteller_ext_is_fadeout_animation&quot;:&quot;false&quot;,&quot;hoteller_ext_mobile_static&quot;:&quot;false&quot;}\">\n\t\t\t<div class=\"elementor-widget-wrap elementor-element-populated\">\n\t\t\t\t\t\t<div class=\"elementor-element elementor-element-51ccd13 elementor-invisible elementor-widget elementor-widget-hoteller-animated-text\" data-id=\"51ccd13\" data-element_type=\"widget\" data-e-type=\"widget\" data-settings=\"{&quot;_animation&quot;:&quot;fadeIn&quot;,&quot;hoteller_ext_link_sidemenu&quot;:&quot;false&quot;,&quot;hoteller_ext_link_fullmenu&quot;:&quot;false&quot;,&quot;hoteller_ext_link_closed_fullmenu&quot;:&quot;false&quot;,&quot;hoteller_ext_is_scrollme&quot;:&quot;false&quot;,&quot;hoteller_ext_is_smoove&quot;:&quot;false&quot;,&quot;hoteller_ext_is_parallax_mouse&quot;:&quot;false&quot;,&quot;hoteller_ext_is_infinite&quot;:&quot;false&quot;,&quot;hoteller_ext_is_fadeout_animation&quot;:&quot;false&quot;,&quot;hoteller_ext_mobile_static&quot;:&quot;false&quot;}\" data-widget_type=\"hoteller-animated-text.default\">\n\t\t\t\t<div class=\"elementor-widget-container\">\n\t\t\t\t\t<div class=\"themegoods-animated-text text-alignment-center transition-bottom overflow-hidden\" data-delimiter=\"sentence\" data-transition=\"100\" data-transition-delay=\"0\" data-transition-duration=\"800\">\n\t\t<h2>\n\t\tBienvenue dans notre carnet de voyage, o\u00f9 nous partageons les plus beaux secrets de notre \u00eele. Des anciennes traditions thermales aux sentiers moins fr\u00e9quent\u00e9s, des saveurs authentiques de la cuisine ischienne aux l\u00e9gendes mill\u00e9naires : vous trouverez ici notre vision privil\u00e9gi\u00e9e d'Ischia, pour vous aider \u00e0 vivre une exp\u00e9rience qui va au-del\u00e0 d'un simple s\u00e9jour. \t<\/h2>\n\t<\/div>\t\t\t\t<\/div>\n\t\t\t\t<\/div>\n\t\t\t\t\t<\/div>\n\t\t<\/div>\n\t\t\t\t\t<\/div>\n\t\t<\/section>\n\t\t<div class=\"elementor-element elementor-element-5972c74d e-con-full e-flex e-con e-parent\" data-id=\"5972c74d\" data-element_type=\"container\" data-e-type=\"container\" data-settings=\"{&quot;hoteller_ext_is_background_parallax&quot;:&quot;false&quot;,&quot;hoteller_ext_is_background_backdrop&quot;:&quot;false&quot;,&quot;hoteller_ext_is_background_on_scroll&quot;:&quot;false&quot;,&quot;hoteller_ext_link_sidemenu&quot;:&quot;false&quot;,&quot;hoteller_ext_link_fullmenu&quot;:&quot;false&quot;,&quot;hoteller_ext_link_closed_fullmenu&quot;:&quot;false&quot;,&quot;hoteller_ext_is_scrollme&quot;:&quot;false&quot;,&quot;hoteller_ext_is_smoove&quot;:&quot;false&quot;,&quot;hoteller_ext_is_parallax_mouse&quot;:&quot;false&quot;,&quot;hoteller_ext_is_infinite&quot;:&quot;false&quot;,&quot;hoteller_ext_is_fadeout_animation&quot;:&quot;false&quot;,&quot;hoteller_ext_mobile_static&quot;:&quot;false&quot;}\">\n\t\t\t\t<div class=\"elementor-element elementor-element-41121a6a elementor-widget elementor-widget-hoteller-blog-posts\" data-id=\"41121a6a\" data-element_type=\"widget\" data-e-type=\"widget\" data-settings=\"{&quot;hoteller_ext_link_sidemenu&quot;:&quot;false&quot;,&quot;hoteller_ext_link_fullmenu&quot;:&quot;false&quot;,&quot;hoteller_ext_link_closed_fullmenu&quot;:&quot;false&quot;,&quot;hoteller_ext_is_scrollme&quot;:&quot;false&quot;,&quot;hoteller_ext_is_smoove&quot;:&quot;false&quot;,&quot;hoteller_ext_is_parallax_mouse&quot;:&quot;false&quot;,&quot;hoteller_ext_is_infinite&quot;:&quot;false&quot;,&quot;hoteller_ext_is_fadeout_animation&quot;:&quot;false&quot;,&quot;hoteller_ext_mobile_static&quot;:&quot;false&quot;}\" data-widget_type=\"hoteller-blog-posts.default\">\n\t\t\t\t<div class=\"elementor-widget-container\">\n\t\t\t\t\t<div class=\"blog_post_content_wrapper layout_masonry\">\n<!-- Begin each blog post -->\n<div class=\"blog-posts-masonry post-8756 post type-post status-publish format-standard has-post-thumbnail hentry category-itineraires category-lieux\">\n\n\t<div class=\"post_wrapper\">\n\t\t\n\t\t\t\t    <div class=\"post_img static\">\n\t\t\t    \t\t\t    <div class=\"post_img_hover \">\n\t\t\t     \t\t\t\t\t     <img decoding=\"async\"  src=\"https:\/\/www.hotelvillasirena.it\/wp-content\/uploads\/2025\/02\/Senza-titolo-1920-x-1280-px-6-768x512.jpg\" class=\"lazy_masonry\" alt=\"\"\/>\n\t\t\t\t     \t\t\t     \t\t\t\t     \t<a href=\"https:\/\/www.hotelvillasirena.it\/fr\/villa-arbusto-et-musee-pithecusa\/\"><\/a>\n\t\t\t    <\/div>\n\t\t    <\/div>\n\t\t\t    \n\t    <div class=\"post_content_wrapper text_left\">\n\t\t    \n\t\t    <div class=\"post_header\">\n\t\t\t    \t\t\t\t<div class=\"post_header_title\">\n\t\t\t\t    <h5><a href=\"https:\/\/www.hotelvillasirena.it\/fr\/villa-arbusto-et-musee-pithecusa\/\" title=\"Villa Arbusto et mus\u00e9e Pithecusa\">Villa Arbusto et mus\u00e9e Pithecusa<\/a><\/h5>\n\t\t\t\t<\/div>\n\t\t\t<\/div>\n\t    \n\t\t\t<div class=\"post_header_wrapper\">\n\t\t\t\t\t\t\t    \t\t\t<\/div>\n\t    <\/div>\n\t    \n\t<\/div>\n\n<\/div>\n\n<!-- End each blog post --><!-- Begin each blog post -->\n<div class=\"blog-posts-masonry post-8789 post type-post status-publish format-standard has-post-thumbnail hentry category-itineraires category-lieux\">\n\n\t<div class=\"post_wrapper\">\n\t\t\n\t\t\t\t    <div class=\"post_img static\">\n\t\t\t    \t\t\t    <div class=\"post_img_hover \">\n\t\t\t     \t\t\t\t\t     <img decoding=\"async\"  src=\"https:\/\/www.hotelvillasirena.it\/wp-content\/uploads\/2025\/02\/Senza-titolo-1920-x-1280-px-2-1-768x512.jpg\" class=\"lazy_masonry\" alt=\"\"\/>\n\t\t\t\t     \t\t\t     \t\t\t\t     \t<a href=\"https:\/\/www.hotelvillasirena.it\/fr\/baie-de-san-montano-et-parc-de-negombo\/\"><\/a>\n\t\t\t    <\/div>\n\t\t    <\/div>\n\t\t\t    \n\t    <div class=\"post_content_wrapper text_left\">\n\t\t    \n\t\t    <div class=\"post_header\">\n\t\t\t    \t\t\t\t<div class=\"post_header_title\">\n\t\t\t\t    <h5><a href=\"https:\/\/www.hotelvillasirena.it\/fr\/baie-de-san-montano-et-parc-de-negombo\/\" title=\"Baie de San Montano et parc de Negombo\">Baie de San Montano et parc de Negombo<\/a><\/h5>\n\t\t\t\t<\/div>\n\t\t\t<\/div>\n\t    \n\t\t\t<div class=\"post_header_wrapper\">\n\t\t\t\t\t\t\t    \t\t\t<\/div>\n\t    <\/div>\n\t    \n\t<\/div>\n\n<\/div>\n\n<!-- End each blog post --><!-- Begin each blog post -->\n<div class=\"blog-posts-masonry post-8767 post type-post status-publish format-standard has-post-thumbnail hentry category-itineraires category-lieux\">\n\n\t<div class=\"post_wrapper\">\n\t\t\n\t\t\t\t    <div class=\"post_img static\">\n\t\t\t    \t\t\t    <div class=\"post_img_hover \">\n\t\t\t     \t\t\t\t\t     <img decoding=\"async\"  src=\"https:\/\/www.hotelvillasirena.it\/wp-content\/uploads\/2025\/02\/Senza-titolo-1920-x-1280-px-3-1-768x512.jpg\" class=\"lazy_masonry\" alt=\"\"\/>\n\t\t\t\t     \t\t\t     \t\t\t\t     \t<a href=\"https:\/\/www.hotelvillasirena.it\/fr\/decouvrons-la-villa-de-luchino-visconti\/\"><\/a>\n\t\t\t    <\/div>\n\t\t    <\/div>\n\t\t\t    \n\t    <div class=\"post_content_wrapper text_left\">\n\t\t    \n\t\t    <div class=\"post_header\">\n\t\t\t    \t\t\t\t<div class=\"post_header_title\">\n\t\t\t\t    <h5><a href=\"https:\/\/www.hotelvillasirena.it\/fr\/decouvrons-la-villa-de-luchino-visconti\/\" title=\"D\u00e9couvrons la villa de Luchino Visconti\">D\u00e9couvrons la villa de Luchino Visconti<\/a><\/h5>\n\t\t\t\t<\/div>\n\t\t\t<\/div>\n\t    \n\t\t\t<div class=\"post_header_wrapper\">\n\t\t\t\t\t\t\t    \t\t\t<\/div>\n\t    <\/div>\n\t    \n\t<\/div>\n\n<\/div>\n\n<!-- End each blog post --><!-- Begin each blog post -->\n<div class=\"blog-posts-masonry post-8787 post type-post status-publish format-standard has-post-thumbnail hentry category-itineraires category-lieux\">\n\n\t<div class=\"post_wrapper\">\n\t\t\n\t\t\t\t    <div class=\"post_img static\">\n\t\t\t    \t\t\t    <div class=\"post_img_hover \">\n\t\t\t     \t\t\t\t\t     <img decoding=\"async\"  src=\"https:\/\/www.hotelvillasirena.it\/wp-content\/uploads\/2025\/02\/Senza-titolo-1920-x-1280-px-1-768x512.jpg\" class=\"lazy_masonry\" alt=\"\"\/>\n\t\t\t\t     \t\t\t     \t\t\t\t     \t<a href=\"https:\/\/www.hotelvillasirena.it\/fr\/decouvrir-le-lacco-ameno\/\"><\/a>\n\t\t\t    <\/div>\n\t\t    <\/div>\n\t\t\t    \n\t    <div class=\"post_content_wrapper text_left\">\n\t\t    \n\t\t    <div class=\"post_header\">\n\t\t\t    \t\t\t\t<div class=\"post_header_title\">\n\t\t\t\t    <h5><a href=\"https:\/\/www.hotelvillasirena.it\/fr\/decouvrir-le-lacco-ameno\/\" title=\"D\u00e9couvrir le Lacco Ameno\">D\u00e9couvrir le Lacco Ameno<\/a><\/h5>\n\t\t\t\t<\/div>\n\t\t\t<\/div>\n\t    \n\t\t\t<div class=\"post_header_wrapper\">\n\t\t\t\t\t\t\t    \t\t\t<\/div>\n\t    <\/div>\n\t    \n\t<\/div>\n\n<\/div>\n\n<!-- End each blog post --><!-- Begin each blog post -->\n<div class=\"blog-posts-masonry post-8766 post type-post status-publish format-standard has-post-thumbnail hentry category-itineraires category-lieux\">\n\n\t<div class=\"post_wrapper\">\n\t\t\n\t\t\t\t    <div class=\"post_img static\">\n\t\t\t    \t\t\t    <div class=\"post_img_hover \">\n\t\t\t     \t\t\t\t\t     <img decoding=\"async\"  src=\"https:\/\/www.hotelvillasirena.it\/wp-content\/uploads\/2024\/12\/Progetto-senza-titolo-34-768x512.jpg\" class=\"lazy_masonry\" alt=\"\"\/>\n\t\t\t\t     \t\t\t     \t\t\t\t     \t<a href=\"https:\/\/www.hotelvillasirena.it\/fr\/a-la-decouverte-des-jardins-de-la-mortella\/\"><\/a>\n\t\t\t    <\/div>\n\t\t    <\/div>\n\t\t\t    \n\t    <div class=\"post_content_wrapper text_left\">\n\t\t    \n\t\t    <div class=\"post_header\">\n\t\t\t    \t\t\t\t<div class=\"post_header_title\">\n\t\t\t\t    <h5><a href=\"https:\/\/www.hotelvillasirena.it\/fr\/a-la-decouverte-des-jardins-de-la-mortella\/\" title=\"A la d\u00e9couverte des jardins de La Mortella\">A la d\u00e9couverte des jardins de La Mortella<\/a><\/h5>\n\t\t\t\t<\/div>\n\t\t\t<\/div>\n\t    \n\t\t\t<div class=\"post_header_wrapper\">\n\t\t\t\t\t\t\t    \t\t\t<\/div>\n\t    <\/div>\n\t    \n\t<\/div>\n\n<\/div>\n\n<!-- End each blog post --><\/div>\n<br class=\"clear\"\/>\t\t\t\t<\/div>\n\t\t\t\t<\/div>\n\t\t\t\t<\/div>\n\t\t\t\t<section class=\"elementor-section elementor-top-section elementor-element elementor-element-66f373b9 elementor-section-stretched elementor-section-full_width elementor-section-height-default elementor-section-height-default\" data-id=\"66f373b9\" data-element_type=\"section\" data-e-type=\"section\" data-settings=\"{&quot;stretch_section&quot;:&quot;section-stretched&quot;,&quot;background_background&quot;:&quot;classic&quot;,&quot;hoteller_ext_is_background_parallax&quot;:&quot;false&quot;,&quot;hoteller_ext_is_background_backdrop&quot;:&quot;false&quot;,&quot;hoteller_ext_is_background_on_scroll&quot;:&quot;false&quot;}\">\n\t\t\t\t\t\t<div class=\"elementor-container elementor-column-gap-default\">\n\t\t\t\t\t<div class=\"elementor-column elementor-col-100 elementor-top-column elementor-element elementor-element-4fa7c4e8\" data-id=\"4fa7c4e8\" data-element_type=\"column\" data-e-type=\"column\" data-settings=\"{&quot;hoteller_ext_link_sidemenu&quot;:&quot;false&quot;,&quot;hoteller_ext_link_fullmenu&quot;:&quot;false&quot;,&quot;hoteller_ext_link_closed_fullmenu&quot;:&quot;false&quot;,&quot;hoteller_ext_is_scrollme&quot;:&quot;false&quot;,&quot;hoteller_ext_is_smoove&quot;:&quot;false&quot;,&quot;hoteller_ext_is_parallax_mouse&quot;:&quot;false&quot;,&quot;hoteller_ext_is_infinite&quot;:&quot;false&quot;,&quot;hoteller_ext_is_fadeout_animation&quot;:&quot;false&quot;,&quot;hoteller_ext_mobile_static&quot;:&quot;false&quot;}\">\n\t\t\t<div class=\"elementor-widget-wrap elementor-element-populated\">\n\t\t\t\t\t\t<div class=\"elementor-element elementor-element-69c98b52 animated-slow elementor-invisible elementor-widget elementor-widget-hoteller-slider-parallax\" data-id=\"69c98b52\" data-element_type=\"widget\" data-e-type=\"widget\" data-settings=\"{&quot;_animation&quot;:&quot;fadeIn&quot;,&quot;hoteller_ext_link_sidemenu&quot;:&quot;false&quot;,&quot;hoteller_ext_link_fullmenu&quot;:&quot;false&quot;,&quot;hoteller_ext_link_closed_fullmenu&quot;:&quot;false&quot;,&quot;hoteller_ext_is_scrollme&quot;:&quot;false&quot;,&quot;hoteller_ext_is_smoove&quot;:&quot;false&quot;,&quot;hoteller_ext_is_parallax_mouse&quot;:&quot;false&quot;,&quot;hoteller_ext_is_infinite&quot;:&quot;false&quot;,&quot;hoteller_ext_is_fadeout_animation&quot;:&quot;false&quot;,&quot;hoteller_ext_mobile_static&quot;:&quot;false&quot;}\" data-widget_type=\"hoteller-slider-parallax.default\">\n\t\t\t\t<div class=\"elementor-widget-container\">\n\t\t\t\t\t<div class=\"slider_parallax_wrapper\" data-autoplay=\"6000\" data-pagination=\"0\" data-navigation=\"0\">\n\t<div class=\"slider_parallax_inner\">\n\t\t<div class=\"slider_parallax_slides\">\n\t\t\t\t\t\t<div class=\"slide is-active \">\n\t\t          \t<div class=\"slide-content\">\n\t\t            \t<div class=\"caption\">\n\t\t\t\t\t\t\t<div class=\"title\"><h2>&quot;C&#039;est une \u00eele qui vit et respire encore, c&#039;est une \u00eele qui gu\u00e9rit votre \u00e2me.<\/h2><\/div>\n\t\t\t\t\t\t\t<div class=\"text\">\n\t\t                \t\tHenrik Ibsen\t\t              \t\t<\/div> \n\t\t\t                \t\t            \t<\/div>\n\t\t          \t<\/div>\n\t\t\t\t  \t<div class=\"image-container\"> \n\t\t            \t<img decoding=\"async\" src=\"https:\/\/www.hotelvillasirena.it\/wp-content\/uploads\/2025\/04\/foto-blog-ischia.jpg\" alt=\"\" class=\"image\" \/>\n\t\t          \t<\/div>\n\t\t        <\/div>\n\t\t\t\t<\/div>\n\t\t\t    \t<\/div>\n<\/div>\n\t\t\t\t<\/div>\n\t\t\t\t<\/div>\n\t\t\t\t\t<\/div>\n\t\t<\/div>\n\t\t\t\t\t<\/div>\n\t\t<\/section>\n\t\t\t\t<\/div>\n\t\t","protected":false},"excerpt":{"rendered":"<p>le journal de viila siren D\u00e9couvrez Ischia Bienvenue dans notre carnet de voyage, o\u00f9 nous partageons les plus beaux secrets de notre \u00eele. Des anciennes traditions thermales aux sentiers moins fr\u00e9quent\u00e9s, des saveurs authentiques de la cuisine ischienne aux l\u00e9gendes [&hellip;]<\/p>\n","protected":false},"author":1,"featured_media":0,"parent":0,"menu_order":0,"comment_status":"closed","ping_status":"closed","template":"elementor_header_footer","meta":{"footnotes":""},"class_list":["post-8847","page","type-page","status-publish","hentry"],"_links":{"self":[{"href":"https:\/\/www.hotelvillasirena.it\/fr\/wp-json\/wp\/v2\/pages\/8847","targetHints":{"allow":["GET"]}}],"collection":[{"href":"https:\/\/www.hotelvillasirena.it\/fr\/wp-json\/wp\/v2\/pages"}],"about":[{"href":"https:\/\/www.hotelvillasirena.it\/fr\/wp-json\/wp\/v2\/types\/page"}],"author":[{"embeddable":true,"href":"https:\/\/www.hotelvillasirena.it\/fr\/wp-json\/wp\/v2\/users\/1"}],"replies":[{"embeddable":true,"href":"https:\/\/www.hotelvillasirena.it\/fr\/wp-json\/wp\/v2\/comments?post=8847"}],"version-history":[{"count":11,"href":"https:\/\/www.hotelvillasirena.it\/fr\/wp-json\/wp\/v2\/pages\/8847\/revisions"}],"predecessor-version":[{"id":10027,"href":"https:\/\/www.hotelvillasirena.it\/fr\/wp-json\/wp\/v2\/pages\/8847\/revisions\/10027"}],"wp:attachment":[{"href":"https:\/\/www.hotelvillasirena.it\/fr\/wp-json\/wp\/v2\/media?parent=8847"}],"curies":[{"name":"wp","href":"https:\/\/api.w.org\/{rel}","templated":true}]}}